{"id":1417,"date":"2025-11-20T11:43:45","date_gmt":"2025-11-20T11:43:45","guid":{"rendered":"https:\/\/ki-ecommerce.ch\/?page_id=1417"},"modified":"2025-11-20T11:43:45","modified_gmt":"2025-11-20T11:43:45","slug":"data-protection-declaration-dsgvo-ch-ds-g","status":"publish","type":"page","link":"https:\/\/ki-ecommerce.ch\/en\/datenschutzerklaerung-dsgvo-ch-ds%e2%80%91g\/","title":{"rendered":"Privacy policy (GDPR\/CH DS-G)"},"content":{"rendered":"<p>[et_pb_section fb_built=&#8220;1&#8243; _builder_version=&#8220;4.27.4&#8243; _module_preset=&#8220;default&#8220; background_image=&#8220;https:\/\/ki-ecommerce.ch\/wp-content\/uploads\/2025\/10\/ai-Hintergrund.webp&#8220; parallax=&#8220;on&#8220; parallax_method=&#8220;off&#8220; global_colors_info=&#8220;{}&#8220; theme_builder_area=&#8220;post_content&#8220;][et_pb_row _builder_version=&#8220;4.27.4&#8243; _module_preset=&#8220;default&#8220; width=&#8220;100%&#8220; max_width=&#8220;100%&#8220; height=&#8220;100px&#8220; height_tablet=&#8220;100px&#8220; height_phone=&#8220;100px&#8220; height_last_edited=&#8220;on|phone&#8220; custom_margin=&#8220;-55px||0px||false|false&#8220; custom_padding=&#8220;2px||0px||false|false&#8220; border_width_bottom=&#8220;2px&#8220; border_color_bottom=&#8220;rgba(148,163,184,0.31)&#8220; global_colors_info=&#8220;{}&#8220; theme_builder_area=&#8220;post_content&#8220;][et_pb_column type=&#8220;4_4&#8243; _builder_version=&#8220;4.27.4&#8243; _module_preset=&#8220;default&#8220; global_colors_info=&#8220;{}&#8220; theme_builder_area=&#8220;post_content&#8220;][difl_contentcarousel item_desktop=&#8220;1&#8243; item_tablet=&#8220;1&#8243; speed=&#8220;5000&#8243; loop=&#8220;on&#8220; autoplay=&#8220;on&#8220; autospeed=&#8220;5000&#8243; _builder_version=&#8220;4.27.4&#8243; _module_preset=&#8220;default&#8220; cc_title_text_align=&#8220;center&#8220; cc_title_text_color=&#8220;#E2E8F0&#8243; cc_title_font_size=&#8220;14px&#8220; cc_subtitle_text_align=&#8220;center&#8220; cc_subtitle_text_color=&#8220;#E2E8F0&#8243; cc_subtitle_font_size=&#8220;12px&#8220; width=&#8220;50%&#8220; width_tablet=&#8220;50%&#8220; width_phone=&#8220;90%&#8220; width_last_edited=&#8220;on|phone&#8220; module_alignment=&#8220;center&#8220; custom_margin=&#8220;-10px||0px||false|false&#8220; custom_padding=&#8220;||0px||false|false&#8220; animation_style=&#8220;fade&#8220; animation_duration=&#8220;2000ms&#8220; global_colors_info=&#8220;{}&#8220; theme_builder_area=&#8220;post_content&#8220;][difl_contentcarouselitem title=&#8220;\u201eEs gibt vielf\u00e4ltige Quick Wins, wenn Mittelst\u00e4ndler niedrigschwellige KI-Ans\u00e4tze w\u00e4hlen.\u201c&#8220; sub_title=&#8220;Deloitte Mittelstands-Studie&#8220; cc_button_button_url_new_window=&#8220;1&#8243; _builder_version=&#8220;4.27.4&#8243; _module_preset=&#8220;default&#8220; global_colors_info=&#8220;{}&#8220; theme_builder_area=&#8220;post_content&#8220;][\/difl_contentcarouselitem][difl_contentcarouselitem title=&#8220;\u201eKI wird dir nicht den Job wegnehmen. Die Person, die KI benutzt, wird dir den Job wegnehmen.\u201c&#8220; sub_title=&#8220;Jensen Huang, CEO NVIDIA&#8220; cc_button_button_url_new_window=&#8220;1&#8243; _builder_version=&#8220;4.27.4&#8243; _module_preset=&#8220;default&#8220; global_colors_info=&#8220;{}&#8220; theme_builder_area=&#8220;post_content&#8220;][\/difl_contentcarouselitem][difl_contentcarouselitem title=&#8220;\u201eWer KI nicht einf\u00fchrt, riskiert, im Wettbewerb abgeh\u00e4ngt zu werden.\u201c&#8220; sub_title=&#8220;Deloitte Mittelstands-Studie&#8220; cc_button_button_url_new_window=&#8220;1&#8243; _builder_version=&#8220;4.27.4&#8243; _module_preset=&#8220;default&#8220; global_colors_info=&#8220;{}&#8220; theme_builder_area=&#8220;post_content&#8220;][\/difl_contentcarouselitem][difl_contentcarouselitem title=&#8220;\u201eStagnation ist Scheitern in Zeitlupe. Die Erwartung ist, dass jeder Angestellte KI nutzt.\u201c&#8220; sub_title=&#8220;Tobias L\u00fctke, CEO Shopify&#8220; cc_button_button_url_new_window=&#8220;1&#8243; _builder_version=&#8220;4.27.4&#8243; _module_preset=&#8220;default&#8220; global_colors_info=&#8220;{}&#8220; theme_builder_area=&#8220;post_content&#8220;][\/difl_contentcarouselitem][difl_contentcarouselitem title=&#8220;\u201eNicht vorbereitet zu sein, ist eine Entscheidung. Die Vorteile kommen, wenn wir KI als Werkzeug und nicht als Bedrohung sehen.\u201c&#8220; sub_title=&#8220;Paul Daugherty, CTO Accenture&#8220; cc_button_button_url_new_window=&#8220;1&#8243; _builder_version=&#8220;4.27.4&#8243; _module_preset=&#8220;default&#8220; global_colors_info=&#8220;{}&#8220; theme_builder_area=&#8220;post_content&#8220;][\/difl_contentcarouselitem][\/difl_contentcarousel][\/et_pb_column][\/et_pb_row][et_pb_row _builder_version=&#8220;4.27.4&#8243; _module_preset=&#8220;_initial&#8220; global_colors_info=&#8220;{}&#8220; locked=&#8220;off&#8220; theme_builder_area=&#8220;post_content&#8220;][et_pb_column type=&#8220;4_4&#8243; _builder_version=&#8220;4.27.4&#8243; _module_preset=&#8220;default&#8220; global_colors_info=&#8220;{}&#8220; theme_builder_area=&#8220;post_content&#8220;][et_pb_text _builder_version=&#8220;4.27.4&#8243; _module_preset=&#8220;default&#8220; hover_enabled=&#8220;0&#8243; global_colors_info=&#8220;{}&#8220; sticky_enabled=&#8220;0&#8243; theme_builder_area=&#8220;post_content&#8220;]<\/p>\n<h1 class=\"et_pb_module_heading\"><span style=\"color: #999999;\"><strong>Datenschutzerkl\u00e4rung (DSGVO\/CH DS\u2011G)<\/strong><\/span><\/h1>\n<p>[\/et_pb_text][et_pb_text _builder_version=&#8220;4.27.4&#8243; _module_preset=&#8220;default&#8220; global_colors_info=&#8220;{}&#8220; theme_builder_area=&#8220;post_content&#8220;]<\/p>\n<p><span style=\"color: #ff0000;\"><span style=\"color: #999999;\"><strong>Verantwortlich<\/strong>:<strong>Verantwortlich<\/strong>: <span style=\"color: #ffffff;\">SWISS IT MANAGEMENT AG<\/span><span style=\"color: #ffffff;\">, Sihleggstrasse 23CH 8832 Wollerau, CHE-109.595.913, E\u2011Mail: kontaktq@swissitmanagement.com<\/span><\/span><\/span><\/p>\n<p><span style=\"color: #ff0000;\"><span style=\"color: #999999;\"><strong>Verarbeitete Daten<\/strong>:<\/span> <span style=\"color: #ffffff;\">Kontakt\u2011 und Kommunikationsdaten (z.B. Name, E\u2011Mail, Telefon), Inhaltsdaten (Nachricht), Nutzungsdaten (IP in Server\u2011Logs). Keine Marketing\u2011Cookies. Eingebettete Inhalte (z.B. Google Maps) k\u00f6nnen eigene Richtlinien haben.<\/span><\/span><\/p>\n<p><span style=\"color: #ff0000;\"><span style=\"color: #999999;\"><strong>Zwecke &amp; Rechtsgrundlagen<\/strong>:<\/span> <span style=\"color: #ffffff;\">Bearbeitung Deiner Anfrage und Terminabstimmung (berechtigtes Interesse\/Vertragserf\u00fcllung). Speicherung der Anfragen f\u00fcr R\u00fcckfragen.<\/span><\/span><\/p>\n<p><span style=\"color: #ff0000;\"><span style=\"color: #999999;\"><strong>Speicherdauer<\/strong>:<\/span> <span style=\"color: #ffffff;\">L\u00f6schung, sobald der Zweck entf\u00e4llt und keine gesetzlichen Aufbewahrungsfristen entgegenstehen.<\/span><\/span><\/p>\n<p><span style=\"color: #ff0000;\"><span style=\"color: #999999;\"><strong>Deine Rechte<\/strong>:<\/span><span style=\"color: #ffffff;\"> Auskunft, Berichtigung, L\u00f6schung, Einschr\u00e4nkung, Widerspruch sowie Daten\u00fcbertragbarkeit. Widerruf von Einwilligungen jederzeit m\u00f6glich.<\/span><\/span><\/p>\n<p><span style=\"color: #ff0000;\"><span style=\"color: #999999;\"><strong>Kontakt f\u00fcr Datenschutz<\/strong>:<\/span><span style=\"color: #ffffff;\"> kontaktq@swissitmanagement.com\u00a0Ausf\u00fchrliches Impressum: ki-ecommerce.ch\/<a href=\"https:\/\/www.maechler-marina.ch\/impressum\/\" target=\"_blank\" rel=\"noopener\" style=\"color: #ffffff;\">impressum<\/a>.<\/span><\/span><\/p>\n<p>[\/et_pb_text][et_pb_text _builder_version=&#8220;4.27.4&#8243; _module_preset=&#8220;default&#8220; global_colors_info=&#8220;{}&#8220; theme_builder_area=&#8220;post_content&#8220;]<\/p>\n<p style=\"text-align: center;\"><span style=\"color: #ffffff;\">\u00a9 2025 SWISS IT MANGEMENT AG. Alle Rechte vorbehalten.<\/span><\/p>\n<p>[\/et_pb_text][\/et_pb_column][\/et_pb_row][\/et_pb_section]<\/p>\n","protected":false},"excerpt":{"rendered":"<p><div class=\"et_pb_module difl_contentcarousel difl_contentcarousel_0 et_animated\">\n\t\t\t\t\n\t\t\t\t\n\t\t\t\t\n\t\t\t\t\n\t\t\t\t\n\t\t\t\t\n\t\t\t\t<div class=\"et_pb_module_inner\">\n\t\t\t\t\t<h2 style=\"background:#eee; padding: 10px 20px;\">Please <strong>Add New Item<\/strong> to continue<\/h2>\n\t\t\t\t<\/div>\n\t\t\t<\/div><div class=\"et_pb_module difl_contentcarouselitem difl_contentcarouselitem_0 swiper-slide\">\n\t\t\t\t\n\t\t\t\t\n\t\t\t\t\n\t\t\t\t\n\t\t\t\t\n\t\t\t\t\n\t\t\t\t<div class=\"et_pb_module_inner\">\n\t\t\t\t\t\n            <div class=\"df_cci_container\" data-src=\"\" >\n                \n                <h4 class=\"df_cc_title\">\u201eThere are many quick wins when SMEs choose low-threshold AI approaches.\u201c<\/h4><h5 class=\"df_cc_subtitle\">Deloitte SME study<\/h5>\n            <\/div>\n\t\t\t\t<\/div>\n\t\t\t<\/div><div class=\"et_pb_module difl_contentcarouselitem difl_contentcarouselitem_1 swiper-slide\">\n\t\t\t\t\n\t\t\t\t\n\t\t\t\t\n\t\t\t\t\n\t\t\t\t\n\t\t\t\t\n\t\t\t\t<div class=\"et_pb_module_inner\">\n\t\t\t\t\t\n            <div class=\"df_cci_container\" data-src=\"\" >\n                \n                <h4 class=\"df_cc_title\">\u201c\u201eAI<\/h4>\n            <\/div>\n\t\t\t\t<\/div>\n\t\t\t<\/div><\/p>","protected":false},"author":3,"featured_media":0,"parent":0,"menu_order":0,"comment_status":"closed","ping_status":"closed","template":"","meta":{"_acf_changed":false,"_et_pb_use_builder":"on","_et_pb_old_content":"","_et_gb_content_width":"","footnotes":""},"difl_page_category":[],"class_list":["post-1417","page","type-page","status-publish","hentry"],"acf":{"h1_hauptuberschrift":"","intro_catchphrase":"","hero_image":null,"hero_cta_label":"Kostenloses Erstgespr\u00e4ch","hero_cta_url":"","uberschrift_content_#1":"","h3_produktbezogener_inhalt":"","bild_2":null,"faq_sektion_anzeigen":true,"faq_titel":"","faq_frage_1":"","faq_frage_2":"","faq_frage_3":"","aq_antwort_1":"","aq_antwort_2":"","aq_antwort_3":""},"_links":{"self":[{"href":"https:\/\/ki-ecommerce.ch\/en\/wp-json\/wp\/v2\/pages\/1417","targetHints":{"allow":["GET"]}}],"collection":[{"href":"https:\/\/ki-ecommerce.ch\/en\/wp-json\/wp\/v2\/pages"}],"about":[{"href":"https:\/\/ki-ecommerce.ch\/en\/wp-json\/wp\/v2\/types\/page"}],"author":[{"embeddable":true,"href":"https:\/\/ki-ecommerce.ch\/en\/wp-json\/wp\/v2\/users\/3"}],"replies":[{"embeddable":true,"href":"https:\/\/ki-ecommerce.ch\/en\/wp-json\/wp\/v2\/comments?post=1417"}],"version-history":[{"count":2,"href":"https:\/\/ki-ecommerce.ch\/en\/wp-json\/wp\/v2\/pages\/1417\/revisions"}],"predecessor-version":[{"id":1420,"href":"https:\/\/ki-ecommerce.ch\/en\/wp-json\/wp\/v2\/pages\/1417\/revisions\/1420"}],"wp:attachment":[{"href":"https:\/\/ki-ecommerce.ch\/en\/wp-json\/wp\/v2\/media?parent=1417"}],"wp:term":[{"taxonomy":"difl_page_category","embeddable":true,"href":"https:\/\/ki-ecommerce.ch\/en\/wp-json\/wp\/v2\/difl_page_category?post=1417"}],"curies":[{"name":"wp","href":"https:\/\/api.w.org\/{rel}","templated":true}]}}