{"id":1430,"date":"2025-11-20T13:42:20","date_gmt":"2025-11-20T13:42:20","guid":{"rendered":"https:\/\/ki-ecommerce.ch\/?page_id=1430"},"modified":"2025-11-20T13:43:49","modified_gmt":"2025-11-20T13:43:49","slug":"proof-of-source","status":"publish","type":"page","link":"https:\/\/ki-ecommerce.ch\/en\/quellennachweis\/","title":{"rendered":"Source reference"},"content":{"rendered":"\n[et_pb_section fb_built=&#8220;1&#8243; _builder_version=&#8220;4.27.4&#8243; _module_preset=&#8220;default&#8220; background_image=&#8220;https:\/\/ki-ecommerce.ch\/wp-content\/uploads\/2025\/10\/ai-Hintergrund.webp&#8220; parallax=&#8220;on&#8220; parallax_method=&#8220;off&#8220; global_colors_info=&#8220;{}&#8220;][et_pb_row _builder_version=&#8220;4.27.4&#8243; _module_preset=&#8220;default&#8220; width=&#8220;100%&#8220; max_width=&#8220;100%&#8220; height=&#8220;100px&#8220; height_tablet=&#8220;100px&#8220; height_phone=&#8220;100px&#8220; height_last_edited=&#8220;on|phone&#8220; custom_margin=&#8220;-55px||0px||false|false&#8220; custom_padding=&#8220;2px||0px||false|false&#8220; border_width_bottom=&#8220;2px&#8220; border_color_bottom=&#8220;rgba(148,163,184,0.31)&#8220; global_colors_info=&#8220;{}&#8220;][et_pb_column type=&#8220;4_4&#8243; _builder_version=&#8220;4.27.4&#8243; _module_preset=&#8220;default&#8220; global_colors_info=&#8220;{}&#8220;][difl_contentcarousel item_desktop=&#8220;1&#8243; item_tablet=&#8220;1&#8243; speed=&#8220;5000&#8243; loop=&#8220;on&#8220; autoplay=&#8220;on&#8220; autospeed=&#8220;5000&#8243; _builder_version=&#8220;4.27.4&#8243; _module_preset=&#8220;default&#8220; cc_title_text_align=&#8220;center&#8220; cc_title_text_color=&#8220;#E2E8F0&#8243; cc_title_font_size=&#8220;14px&#8220; cc_subtitle_text_align=&#8220;center&#8220; cc_subtitle_text_color=&#8220;#E2E8F0&#8243; cc_subtitle_font_size=&#8220;12px&#8220; width=&#8220;50%&#8220; width_tablet=&#8220;50%&#8220; width_phone=&#8220;90%&#8220; width_last_edited=&#8220;on|phone&#8220; module_alignment=&#8220;center&#8220; custom_margin=&#8220;-10px||0px||false|false&#8220; custom_padding=&#8220;||0px||false|false&#8220; animation_style=&#8220;fade&#8220; animation_duration=&#8220;2000ms&#8220; global_colors_info=&#8220;{}&#8220;][difl_contentcarouselitem title=&#8220;\u201eEs gibt vielf\u00e4ltige Quick Wins, wenn Mittelst\u00e4ndler niedrigschwellige KI-Ans\u00e4tze w\u00e4hlen.\u201c&#8220; sub_title=&#8220;Deloitte Mittelstands-Studie&#8220; cc_button_button_url_new_window=&#8220;1&#8243; _builder_version=&#8220;4.27.4&#8243; _module_preset=&#8220;default&#8220; global_colors_info=&#8220;{}&#8220;][\/difl_contentcarouselitem][difl_contentcarouselitem title=&#8220;\u201eKI wird dir nicht den Job wegnehmen. Die Person, die KI benutzt, wird dir den Job wegnehmen.\u201c&#8220; sub_title=&#8220;Jensen Huang, CEO NVIDIA&#8220; cc_button_button_url_new_window=&#8220;1&#8243; _builder_version=&#8220;4.27.4&#8243; _module_preset=&#8220;default&#8220; global_colors_info=&#8220;{}&#8220;][\/difl_contentcarouselitem][difl_contentcarouselitem title=&#8220;\u201eWer KI nicht einf\u00fchrt, riskiert, im Wettbewerb abgeh\u00e4ngt zu werden.\u201c&#8220; sub_title=&#8220;Deloitte Mittelstands-Studie&#8220; cc_button_button_url_new_window=&#8220;1&#8243; _builder_version=&#8220;4.27.4&#8243; _module_preset=&#8220;default&#8220; global_colors_info=&#8220;{}&#8220;][\/difl_contentcarouselitem][difl_contentcarouselitem title=&#8220;\u201eStagnation ist Scheitern in Zeitlupe. Die Erwartung ist, dass jeder Angestellte KI nutzt.\u201c&#8220; sub_title=&#8220;Tobias L\u00fctke, CEO Shopify&#8220; cc_button_button_url_new_window=&#8220;1&#8243; _builder_version=&#8220;4.27.4&#8243; _module_preset=&#8220;default&#8220; global_colors_info=&#8220;{}&#8220;][\/difl_contentcarouselitem][difl_contentcarouselitem title=&#8220;\u201eNicht vorbereitet zu sein, ist eine Entscheidung. Die Vorteile kommen, wenn wir KI als Werkzeug und nicht als Bedrohung sehen.\u201c&#8220; sub_title=&#8220;Paul Daugherty, CTO Accenture&#8220; cc_button_button_url_new_window=&#8220;1&#8243; _builder_version=&#8220;4.27.4&#8243; _module_preset=&#8220;default&#8220; global_colors_info=&#8220;{}&#8220;][\/difl_contentcarouselitem][\/difl_contentcarousel][\/et_pb_column][\/et_pb_row][et_pb_row _builder_version=&#8220;4.27.4&#8243; _module_preset=&#8220;_initial&#8220; hover_enabled=&#8220;0&#8243; locked=&#8220;off&#8220; global_colors_info=&#8220;{}&#8220; sticky_enabled=&#8220;0&#8243;][et_pb_column type=&#8220;4_4&#8243; _builder_version=&#8220;4.27.4&#8243; _module_preset=&#8220;default&#8220; global_colors_info=&#8220;{}&#8220;][et_pb_text _builder_version=&#8220;4.27.4&#8243; _module_preset=&#8220;default&#8220; hover_enabled=&#8220;0&#8243; global_colors_info=&#8220;{}&#8220; text_text_color=&#8220;#c6c6c6&#8243; sticky_enabled=&#8220;0&#8243;]<h1 class=\"et_pb_module_heading\"><span style=\"color: #999999;\"><strong>Quellennachweis<\/strong><\/span><\/h1>[\/et_pb_text][et_pb_text _builder_version=&#8220;4.27.4&#8243; _module_preset=&#8220;default&#8220; text_text_color=&#8220;#ffffff&#8220; hover_enabled=&#8220;0&#8243; global_colors_info=&#8220;{}&#8220; sticky_enabled=&#8220;0&#8243;]<p style=\"text-align: left;\">Q 1,2: <a href=\"https:\/\/www.acrolinx.com\/de\/\" target=\"_blank\" rel=\"noopener\">Acrolinx<\/a><br \/>Q 3,4: <a href=\"https:\/\/albert.ai\/\" target=\"_blank\" rel=\"noopener\">Albert AI<\/a><br \/>Q 5,6: <a href=\"https:\/\/brand24.com\/?adgr=txt-brand-iii&amp;keyword-ext=brand24&amp;placement&amp;location=9042274&amp;utm_source=google.com&amp;utm_medium=cpc&amp;utm_campaign=17306875121&amp;gad_source=1&amp;gad_campaignid=17306875121&amp;gbraid=0AAAAAC-JR0L65evyExKdWLzkUNNxCjubR&amp;gclid=CjwKCAiAlfvIBhA6EiwAcErpyaQvgGQS8AOSZjs-NIHo18r6zj4lHxP_GFuKeyRym5U-W6OIR-ShCBoC5YsQAvD_BwE\" target=\"_blank\" rel=\"noopener\">Brand24<\/a><br \/>Q 6,7: <a href=\"https:\/\/chatfuel.com\/main\" target=\"_blank\" rel=\"noopener\">ChatFuel<\/a><br \/>Q 7,8: <a href=\"https:\/\/claude.ai\/login?returnTo=%2F%3F\" target=\"_blank\" rel=\"noopener\">Claude<\/a><br \/>Q 8,9: <a href=\"https:\/\/www.copy.ai\/\" target=\"_blank\" rel=\"noopener\">Copy AI<\/a><br \/>Q 10,11: <a href=\"https:\/\/www.delve.ai\/\" target=\"_blank\" rel=\"noopener\">Delve AI<\/a><br \/>Q 12,13: <a href=\"https:\/\/drift-ai.tech\/\" target=\"_blank\" rel=\"noopener\">Dirft AI<\/a><br \/>Q 14,15: <a href=\"https:\/\/chatgpt.com\/de-DE\/overview\/\" target=\"_blank\" rel=\"noopener\">GPT-5<\/a><br \/>Q 16,17: <a href=\"https:\/\/www.grammarly.com\/\" target=\"_blank\" rel=\"noopener\">Grammarly<\/a><br \/>Q 18,19: <a href=\"https:\/\/www.hubspot.de\/\" target=\"_blank\" rel=\"noopener\">HubSpot<\/a><br \/>Q 20,21: <a href=\"https:\/\/www.jasper.ai\/\" target=\"_blank\" rel=\"noopener\">Jasper AI<\/a><br \/>Q 22,23: <a href=\"https:\/\/www.marketmuse.com\/\" target=\"_blank\" rel=\"noopener\">MarketMuse<\/a><br \/>Q 24,25: <a href=\"https:\/\/www.optimove.de\/\" target=\"_blank\" rel=\"noopener\">Optimove<\/a><br \/>Q 26,27: <a href=\"https:\/\/www.optmyzr.com\/\" target=\"_blank\" rel=\"noopener\">Optmyzr<\/a><br \/>Q 28,29: <a href=\"https:\/\/podcastle.ai\/\" target=\"_blank\" rel=\"noopener\">Podcastle<\/a><br \/>Q 30,31: <a href=\"https:\/\/www.replo.app\/\" target=\"_blank\" rel=\"noopener\">Replo<\/a><br \/>Q 32,33: <a href=\"https:\/\/www.theseventhsense.com\/\" target=\"_blank\" rel=\"noopener\">Seventh Sense<\/a><br \/>Q 34,35: <a href=\"https:\/\/surferseo.com\/\" target=\"_blank\" rel=\"noopener\">Surfer SEO<\/a><br \/>Q 36,37: <a href=\"https:\/\/www.synthesia.io\/de\" target=\"_blank\" rel=\"noopener\">Synthesia<\/a><br \/>Q 38,39: <a href=\"https:\/\/undetectable.ai\/\">Undetectable AI<\/a><br \/>Q 40,41: <a href=\"https:\/\/undetectable.ai\/\" target=\"_blank\" rel=\"noopener\">Upfluence<\/a><br \/>Q 42,43: <a href=\"https:\/\/zapier.com\/\" target=\"_blank\" rel=\"noopener\">Zapier<\/a><\/p>[\/et_pb_text][et_pb_text _builder_version=&#8220;4.27.4&#8243; _module_preset=&#8220;default&#8220; global_colors_info=&#8220;{}&#8220;]<p style=\"text-align: center;\"><span style=\"color: #ffffff;\">\u00a9 2025 SWISS IT MANGEMENT AG. Alle Rechte vorbehalten.<\/span><\/p>[\/et_pb_text][\/et_pb_column][\/et_pb_row][\/et_pb_section]\n","protected":false},"excerpt":{"rendered":"<p><div class=\"et_pb_module difl_contentcarousel difl_contentcarousel_0 et_animated\">\n\t\t\t\t\n\t\t\t\t\n\t\t\t\t\n\t\t\t\t\n\t\t\t\t\n\t\t\t\t\n\t\t\t\t<div class=\"et_pb_module_inner\">\n\t\t\t\t\t<h2 style=\"background:#eee; padding: 10px 20px;\">Please <strong>Add New Item<\/strong> to continue<\/h2>\n\t\t\t\t<\/div>\n\t\t\t<\/div><div class=\"et_pb_module difl_contentcarouselitem difl_contentcarouselitem_0 swiper-slide\">\n\t\t\t\t\n\t\t\t\t\n\t\t\t\t\n\t\t\t\t\n\t\t\t\t\n\t\t\t\t\n\t\t\t\t<div class=\"et_pb_module_inner\">\n\t\t\t\t\t\n            <div class=\"df_cci_container\" data-src=\"\" >\n                \n                <h4 class=\"df_cc_title\">\u201eThere are many quick wins when SMEs choose low-threshold AI approaches.\u201c<\/h4><h5 class=\"df_cc_subtitle\">Deloitte SME study<\/h5>\n            <\/div>\n\t\t\t\t<\/div>\n\t\t\t<\/div><div class=\"et_pb_module difl_contentcarouselitem difl_contentcarouselitem_1 swiper-slide\">\n\t\t\t\t\n\t\t\t\t\n\t\t\t\t\n\t\t\t\t\n\t\t\t\t\n\t\t\t\t\n\t\t\t\t<div class=\"et_pb_module_inner\">\n\t\t\t\t\t\n            <div class=\"df_cci_container\" data-src=\"\" >\n                \n                <h4 class=\"df_cc_title\">\u201c\u201eAI<\/h4>\n            <\/div>\n\t\t\t\t<\/div>\n\t\t\t<\/div><\/p>","protected":false},"author":3,"featured_media":0,"parent":0,"menu_order":0,"comment_status":"closed","ping_status":"closed","template":"","meta":{"_acf_changed":false,"_et_pb_use_builder":"on","_et_pb_old_content":"","_et_gb_content_width":"","footnotes":""},"difl_page_category":[],"class_list":["post-1430","page","type-page","status-publish","hentry"],"acf":{"h1_hauptuberschrift":"","intro_catchphrase":"","hero_image":null,"hero_cta_label":"Kostenloses Erstgespr\u00e4ch","hero_cta_url":"","uberschrift_content_#1":"","h3_produktbezogener_inhalt":"","bild_2":null,"faq_sektion_anzeigen":true,"faq_titel":"","faq_frage_1":"","faq_frage_2":"","faq_frage_3":"","aq_antwort_1":"","aq_antwort_2":"","aq_antwort_3":""},"_links":{"self":[{"href":"https:\/\/ki-ecommerce.ch\/en\/wp-json\/wp\/v2\/pages\/1430","targetHints":{"allow":["GET"]}}],"collection":[{"href":"https:\/\/ki-ecommerce.ch\/en\/wp-json\/wp\/v2\/pages"}],"about":[{"href":"https:\/\/ki-ecommerce.ch\/en\/wp-json\/wp\/v2\/types\/page"}],"author":[{"embeddable":true,"href":"https:\/\/ki-ecommerce.ch\/en\/wp-json\/wp\/v2\/users\/3"}],"replies":[{"embeddable":true,"href":"https:\/\/ki-ecommerce.ch\/en\/wp-json\/wp\/v2\/comments?post=1430"}],"version-history":[{"count":6,"href":"https:\/\/ki-ecommerce.ch\/en\/wp-json\/wp\/v2\/pages\/1430\/revisions"}],"predecessor-version":[{"id":1443,"href":"https:\/\/ki-ecommerce.ch\/en\/wp-json\/wp\/v2\/pages\/1430\/revisions\/1443"}],"wp:attachment":[{"href":"https:\/\/ki-ecommerce.ch\/en\/wp-json\/wp\/v2\/media?parent=1430"}],"wp:term":[{"taxonomy":"difl_page_category","embeddable":true,"href":"https:\/\/ki-ecommerce.ch\/en\/wp-json\/wp\/v2\/difl_page_category?post=1430"}],"curies":[{"name":"wp","href":"https:\/\/api.w.org\/{rel}","templated":true}]}}