{"id":1452,"date":"2025-11-20T14:31:27","date_gmt":"2025-11-20T14:31:27","guid":{"rendered":"https:\/\/ki-ecommerce.ch\/?page_id=1452"},"modified":"2025-11-21T17:18:01","modified_gmt":"2025-11-21T17:18:01","slug":"imprint","status":"publish","type":"page","link":"https:\/\/ki-ecommerce.ch\/en\/impressum\/","title":{"rendered":"Imprint"},"content":{"rendered":"<p>[et_pb_section fb_built=&#8220;1&#8243; _builder_version=&#8220;4.27.4&#8243; _module_preset=&#8220;default&#8220; background_image=&#8220;https:\/\/ki-ecommerce.ch\/wp-content\/uploads\/2025\/10\/ai-Hintergrund.webp&#8220; parallax=&#8220;on&#8220; parallax_method=&#8220;off&#8220; global_colors_info=&#8220;{}&#8220;][et_pb_row _builder_version=&#8220;4.27.4&#8243; _module_preset=&#8220;default&#8220; width=&#8220;100%&#8220; max_width=&#8220;100%&#8220; height=&#8220;100px&#8220; height_tablet=&#8220;100px&#8220; height_phone=&#8220;100px&#8220; height_last_edited=&#8220;on|phone&#8220; custom_margin=&#8220;-55px||0px||false|false&#8220; custom_padding=&#8220;2px||0px||false|false&#8220; border_width_bottom=&#8220;2px&#8220; border_color_bottom=&#8220;rgba(148,163,184,0.31)&#8220; global_colors_info=&#8220;{}&#8220;][et_pb_column type=&#8220;4_4&#8243; _builder_version=&#8220;4.27.4&#8243; _module_preset=&#8220;default&#8220; global_colors_info=&#8220;{}&#8220;][difl_contentcarousel item_desktop=&#8220;1&#8243; item_tablet=&#8220;1&#8243; speed=&#8220;5000&#8243; loop=&#8220;on&#8220; autoplay=&#8220;on&#8220; autospeed=&#8220;5000&#8243; _builder_version=&#8220;4.27.4&#8243; _module_preset=&#8220;default&#8220; cc_title_text_align=&#8220;center&#8220; cc_title_text_color=&#8220;#E2E8F0&#8243; cc_title_font_size=&#8220;14px&#8220; cc_subtitle_text_align=&#8220;center&#8220; cc_subtitle_text_color=&#8220;#E2E8F0&#8243; cc_subtitle_font_size=&#8220;12px&#8220; width=&#8220;50%&#8220; width_tablet=&#8220;50%&#8220; width_phone=&#8220;90%&#8220; width_last_edited=&#8220;on|phone&#8220; module_alignment=&#8220;center&#8220; custom_margin=&#8220;-10px||0px||false|false&#8220; custom_padding=&#8220;||0px||false|false&#8220; animation_style=&#8220;fade&#8220; animation_duration=&#8220;2000ms&#8220; global_colors_info=&#8220;{}&#8220;][difl_contentcarouselitem title=&#8220;\u201eEs gibt vielf\u00e4ltige Quick Wins, wenn Mittelst\u00e4ndler niedrigschwellige KI-Ans\u00e4tze w\u00e4hlen.\u201c&#8220; sub_title=&#8220;Deloitte Mittelstands-Studie&#8220; cc_button_button_url_new_window=&#8220;1&#8243; _builder_version=&#8220;4.27.4&#8243; _module_preset=&#8220;default&#8220; global_colors_info=&#8220;{}&#8220;][\/difl_contentcarouselitem][difl_contentcarouselitem title=&#8220;\u201eKI wird dir nicht den Job wegnehmen. Die Person, die KI benutzt, wird dir den Job wegnehmen.\u201c&#8220; sub_title=&#8220;Jensen Huang, CEO NVIDIA&#8220; cc_button_button_url_new_window=&#8220;1&#8243; _builder_version=&#8220;4.27.4&#8243; _module_preset=&#8220;default&#8220; global_colors_info=&#8220;{}&#8220;][\/difl_contentcarouselitem][difl_contentcarouselitem title=&#8220;\u201eWer KI nicht einf\u00fchrt, riskiert, im Wettbewerb abgeh\u00e4ngt zu werden.\u201c&#8220; sub_title=&#8220;Deloitte Mittelstands-Studie&#8220; cc_button_button_url_new_window=&#8220;1&#8243; _builder_version=&#8220;4.27.4&#8243; _module_preset=&#8220;default&#8220; global_colors_info=&#8220;{}&#8220;][\/difl_contentcarouselitem][difl_contentcarouselitem title=&#8220;\u201eStagnation ist Scheitern in Zeitlupe. Die Erwartung ist, dass jeder Angestellte KI nutzt.\u201c&#8220; sub_title=&#8220;Tobias L\u00fctke, CEO Shopify&#8220; cc_button_button_url_new_window=&#8220;1&#8243; _builder_version=&#8220;4.27.4&#8243; _module_preset=&#8220;default&#8220; global_colors_info=&#8220;{}&#8220;][\/difl_contentcarouselitem][difl_contentcarouselitem title=&#8220;\u201eNicht vorbereitet zu sein, ist eine Entscheidung. Die Vorteile kommen, wenn wir KI als Werkzeug und nicht als Bedrohung sehen.\u201c&#8220; sub_title=&#8220;Paul Daugherty, CTO Accenture&#8220; cc_button_button_url_new_window=&#8220;1&#8243; _builder_version=&#8220;4.27.4&#8243; _module_preset=&#8220;default&#8220; global_colors_info=&#8220;{}&#8220;][\/difl_contentcarouselitem][\/difl_contentcarousel][\/et_pb_column][\/et_pb_row][et_pb_row _builder_version=&#8220;4.27.4&#8243; _module_preset=&#8220;default&#8220; global_colors_info=&#8220;{}&#8220;][et_pb_column type=&#8220;4_4&#8243; _builder_version=&#8220;4.27.4&#8243; _module_preset=&#8220;default&#8220; global_colors_info=&#8220;{}&#8220;][et_pb_text _builder_version=&#8220;4.27.4&#8243; _module_preset=&#8220;default&#8220; custom_margin=&#8220;|||15px|false|false&#8220; global_colors_info=&#8220;{}&#8220;]<\/p>\n<section class=\"elementor-section elementor-top-section elementor-element elementor-element-6b525dc elementor-section-boxed elementor-section-height-default elementor-section-height-default\" data-id=\"6b525dc\" data-element_type=\"section\">\n<div class=\"elementor-container elementor-column-gap-default\">\n<div class=\"elementor-column elementor-col-100 elementor-top-column elementor-element elementor-element-3d955d5\" data-id=\"3d955d5\" data-element_type=\"column\">\n<div class=\"elementor-widget-wrap elementor-element-populated\">\n<div class=\"elementor-element elementor-element-a627ae3 elementor-widget elementor-widget-heading\" data-id=\"a627ae3\" data-element_type=\"widget\" data-widget_type=\"heading.default\">\n<div class=\"elementor-widget-container\">\n<h1 class=\"elementor-heading-title elementor-size-default\"><span style=\"color: #999999;\"><strong>Impressum<br \/><\/strong><\/span><span style=\"color: #999999;\"><strong><\/strong><\/span><\/h1>\n<\/div>\n<\/div>\n<\/div>\n<\/div>\n<\/div>\n<\/section>\n<section class=\"elementor-section elementor-top-section elementor-element elementor-element-4ae03c81 elementor-section-boxed elementor-section-height-default elementor-section-height-default\" data-id=\"4ae03c81\" data-element_type=\"section\">\n<div class=\"elementor-container elementor-column-gap-default\">\n<div class=\"elementor-column elementor-col-100 elementor-top-column elementor-element elementor-element-5f506a0d\" data-id=\"5f506a0d\" data-element_type=\"column\">\n<div class=\"elementor-widget-wrap elementor-element-populated\">\n<div class=\"elementor-element elementor-element-614dc1cd elementor-widget elementor-widget-text-editor\" data-id=\"614dc1cd\" data-element_type=\"widget\" data-widget_type=\"text-editor.default\">\n<div class=\"elementor-widget-container\">\n<p><span style=\"color: #999999;\"><strong><br \/>Swiss IT Management AG<\/strong><\/span><br \/><span class=\"spRight\" style=\"color: #ffffff;\">Sihleggstrasse 23<br \/>8832 Wollerau<\/span><\/p>\n<p><span style=\"color: #ffffff;\">Tel.: <strong>+41 (0)44 586 49 87<\/strong><\/span><br \/><span style=\"color: #ffffff;\">E-Mail:<\/span><span>\u00a0<\/span><a href=\"mailto:info@swissitmanagement.com\" target=\"_blank\" rel=\"noreferrer noopener\">info@swissitmanagement.com<\/a><\/p>\n<\/div>\n<\/div>\n<\/div>\n<\/div>\n<\/div>\n<\/section>\n<p>[\/et_pb_text][et_pb_text _builder_version=&#8220;4.27.4&#8243; _module_preset=&#8220;default&#8220; custom_margin=&#8220;|||15px|false|false&#8220; global_colors_info=&#8220;{}&#8220;]<\/p>\n<p><span style=\"color: #999999;\"><strong>Inhaber und verantwortlich f\u00fcr den Inhalt:<\/strong><\/span><br \/><span style=\"color: #999999;\"><strong>Swiss IT Management AG<\/strong><\/span><\/p>\n<h3 class=\"wp-block-heading\"><span style=\"color: #999999;\"><strong>Legal<\/strong><\/span><\/h3>\n<p><span style=\"color: #999999;\"><strong>Anwendungsbedingungen<\/strong><\/span><br \/><span style=\"color: #ffffff;\">Mit dem Zugriff auf die WebSite der SWISS IT MANAGEMENT.ch AG (SWITMA) und deren Inhalt erkl\u00e4ren Sie sich mit den folgenden rechtlichen Informationen und Anwendungsbedingungen einverstanden.<\/span><\/p>\n<p><strong><span style=\"color: #999999;\">Kein Angebot<\/span><\/strong><br \/><span style=\"color: #ffffff;\">Die WebSite der SWITMA bietet dem Betrachter allgemeine Informationen \u00fcber die Firma, deren Kompetenzen und Dienstleistungen. Diese Angaben haben rein informativen Charakter und dienen der Informationsvermittlung. Sie stellen kein Angebot im rechtlichen Sinne dar. F\u00fcr detaillierte und verbindliche Angaben setzen Sie sich bitte pers\u00f6nlich mit den zust\u00e4ndigen Mitarbeitern der SWITMA in Verbindung oder lesen Sie die AGB\u2019s der SWITMA.<\/span><\/p>\n<p><span style=\"color: #999999;\"><strong>Copyright<\/strong><\/span><br \/><span style=\"color: #ffffff;\">S\u00e4mtliche auf der Website enthaltenen Elemente geh\u00f6ren der SWITMA und werden zu Browsingzwecken zur Verf\u00fcgung gestellt. Angebotene Downloads m\u00fcssen im Originalzustand belassen werden. Sie d\u00fcrfen in keiner Weise ver\u00e4ndert werden.<\/span><\/p>\n<p><span style=\"color: #999999;\"><strong>Ohne Gew\u00e4hr<\/strong><\/span><br \/><span style=\"color: #ffffff;\">Obwohl die Website der SWITMA mit aller Sorgfalt erstellt und betrieben wird, kann keine Verantwortung f\u00fcr die Richtigkeit und Vollst\u00e4ndigkeit der ver\u00f6ffentlichten Daten \u00fcbernommen werden. Die SWITMA gibt keine Garantie daf\u00fcr, dass Funktionen und Inhalte fehlerfrei sind und der Wirklichkeit entsprechen.<\/span><\/p>\n<p><strong><span style=\"color: #999999;\">Analytische Modelle<\/span><br \/><\/strong><span style=\"color: #ffffff;\">Insbesondere bei analytischen Modellen darf nicht davon ausgegangen werden, dass die errechneten Werte exakt sind. Wir empfehlen Ihnen diese Wert nur als Besprechungsgrundlage f\u00fcr eine pers\u00f6nliche Beratung zu verwenden und keine Schl\u00fcsse daraus zu ziehen. Die SWITMA haftet in keinem Fall f\u00fcr allf\u00e4lligen direkten oder indirekten Schaden und f\u00fcr eventuelle Folgesch\u00e4den, welche als Folge des Gebrauchs von Informationen auf der SWITMA-WebSite oder durch den Zugriff \u00fcber Links auf andere Webseiten entsteht. Die SWITMA lehnt diesbez\u00fcglich jegliche Haftung ab.<\/span><\/p>\n<p><strong><span style=\"color: #999999;\">\u00c4nderungen<\/span><br \/><\/strong><span style=\"color: #ffffff;\">Das Recht, die WebSite jederzeit abzu\u00e4ndern, beh\u00e4lt sich die SWITMA vor. Lesen Sie deshalb diese Bestimmungen vor jedem Besuch auf der SWITMA-WebSite.<\/span><\/p>\n<p><strong><span style=\"color: #999999;\">Links<\/span><br \/><\/strong><span style=\"color: #ffffff;\">F\u00fcr Informationen von und Links zu Dritten \u00fcbernimmt die SWITMA keine Haftung. Ebenso erkl\u00e4rt sie sich nicht automatisch mit diesen Inhalten einverstanden.<\/span><\/p>\n<p><strong><span style=\"color: #999999;\">Keine Virengarantie<\/span><br \/><\/strong><span style=\"color: #ffffff;\">Die SWITMA kann keine Garantie daf\u00fcr geben, dass die WebSite frei von Viren oder sch\u00e4dlichen Komponenten ist.<\/span><\/p>\n<p>[\/et_pb_text][\/et_pb_column][\/et_pb_row][et_pb_row _builder_version=&#8220;4.27.4&#8243; _module_preset=&#8220;_initial&#8220; locked=&#8220;off&#8220; global_colors_info=&#8220;{}&#8220;][et_pb_column type=&#8220;4_4&#8243; _builder_version=&#8220;4.27.4&#8243; _module_preset=&#8220;default&#8220; global_colors_info=&#8220;{}&#8220;][et_pb_text _builder_version=&#8220;4.27.4&#8243; _module_preset=&#8220;default&#8220; global_colors_info=&#8220;{}&#8220;]<\/p>\n<p style=\"text-align: center;\"><span style=\"color: #ffffff;\">\u00a9 2025 SWISS IT MANGEMENT AG. Alle Rechte vorbehalten.<\/span><\/p>\n<p>[\/et_pb_text][\/et_pb_column][\/et_pb_row][\/et_pb_section]<\/p>\n","protected":false},"excerpt":{"rendered":"<p><div class=\"et_pb_module difl_contentcarousel difl_contentcarousel_0 et_animated\">\n\t\t\t\t\n\t\t\t\t\n\t\t\t\t\n\t\t\t\t\n\t\t\t\t\n\t\t\t\t\n\t\t\t\t<div class=\"et_pb_module_inner\">\n\t\t\t\t\t<h2 style=\"background:#eee; padding: 10px 20px;\">Please <strong>Add New Item<\/strong> to continue<\/h2>\n\t\t\t\t<\/div>\n\t\t\t<\/div><div class=\"et_pb_module difl_contentcarouselitem difl_contentcarouselitem_0 swiper-slide\">\n\t\t\t\t\n\t\t\t\t\n\t\t\t\t\n\t\t\t\t\n\t\t\t\t\n\t\t\t\t\n\t\t\t\t<div class=\"et_pb_module_inner\">\n\t\t\t\t\t\n            <div class=\"df_cci_container\" data-src=\"\" >\n                \n                <h4 class=\"df_cc_title\">\u201eThere are many quick wins when SMEs choose low-threshold AI approaches.\u201c<\/h4><h5 class=\"df_cc_subtitle\">Deloitte SME study<\/h5>\n            <\/div>\n\t\t\t\t<\/div>\n\t\t\t<\/div><div class=\"et_pb_module difl_contentcarouselitem difl_contentcarouselitem_1 swiper-slide\">\n\t\t\t\t\n\t\t\t\t\n\t\t\t\t\n\t\t\t\t\n\t\t\t\t\n\t\t\t\t\n\t\t\t\t<div class=\"et_pb_module_inner\">\n\t\t\t\t\t\n            <div class=\"df_cci_container\" data-src=\"\" >\n                \n                <h4 class=\"df_cc_title\">\u201c\u201eAI<\/h4>\n            <\/div>\n\t\t\t\t<\/div>\n\t\t\t<\/div><\/p>","protected":false},"author":3,"featured_media":0,"parent":0,"menu_order":0,"comment_status":"closed","ping_status":"closed","template":"","meta":{"_acf_changed":false,"_et_pb_use_builder":"on","_et_pb_old_content":"","_et_gb_content_width":"","footnotes":""},"difl_page_category":[],"class_list":["post-1452","page","type-page","status-publish","hentry"],"acf":{"h1_hauptuberschrift":"","intro_catchphrase":"","hero_image":null,"hero_cta_label":"Kostenloses Erstgespr\u00e4ch","hero_cta_url":"","uberschrift_content_#1":"","h3_produktbezogener_inhalt":"","bild_2":null,"faq_sektion_anzeigen":true,"faq_titel":"","faq_frage_1":"","faq_frage_2":"","faq_frage_3":"","aq_antwort_1":"","aq_antwort_2":"","aq_antwort_3":""},"_links":{"self":[{"href":"https:\/\/ki-ecommerce.ch\/en\/wp-json\/wp\/v2\/pages\/1452","targetHints":{"allow":["GET"]}}],"collection":[{"href":"https:\/\/ki-ecommerce.ch\/en\/wp-json\/wp\/v2\/pages"}],"about":[{"href":"https:\/\/ki-ecommerce.ch\/en\/wp-json\/wp\/v2\/types\/page"}],"author":[{"embeddable":true,"href":"https:\/\/ki-ecommerce.ch\/en\/wp-json\/wp\/v2\/users\/3"}],"replies":[{"embeddable":true,"href":"https:\/\/ki-ecommerce.ch\/en\/wp-json\/wp\/v2\/comments?post=1452"}],"version-history":[{"count":6,"href":"https:\/\/ki-ecommerce.ch\/en\/wp-json\/wp\/v2\/pages\/1452\/revisions"}],"predecessor-version":[{"id":1559,"href":"https:\/\/ki-ecommerce.ch\/en\/wp-json\/wp\/v2\/pages\/1452\/revisions\/1559"}],"wp:attachment":[{"href":"https:\/\/ki-ecommerce.ch\/en\/wp-json\/wp\/v2\/media?parent=1452"}],"wp:term":[{"taxonomy":"difl_page_category","embeddable":true,"href":"https:\/\/ki-ecommerce.ch\/en\/wp-json\/wp\/v2\/difl_page_category?post=1452"}],"curies":[{"name":"wp","href":"https:\/\/api.w.org\/{rel}","templated":true}]}}